{"id":74,"date":"2017-07-12T05:54:02","date_gmt":"2017-07-11T21:54:02","guid":{"rendered":"https:\/\/es.kaiqimetal.com\/?page_id=74"},"modified":"2025-09-06T16:44:23","modified_gmt":"2025-09-06T08:44:23","slug":"bobina-de-aluminio","status":"publish","type":"page","link":"https:\/\/es.kaiqimetal.com\/?page_id=74","title":{"rendered":"Bobina de aluminio"},"content":{"rendered":"\t\t<div data-elementor-type=\"wp-post\" data-elementor-id=\"74\" class=\"elementor elementor-74\">\n\t\t\t\t\t\t\t\t\t<section class=\"elementor-section elementor-top-section elementor-element elementor-element-7aa8aef0 elementor-section-full_width elementor-section-content-middle elementor-section-height-default elementor-section-height-default\" data-id=\"7aa8aef0\" data-element_type=\"section\" data-settings=\"{&quot;background_background&quot;:&quot;classic&quot;}\">\n\t\t\t\t\t\t<div class=\"elementor-container elementor-column-gap-default\">\n\t\t\t\t\t<div class=\"elementor-column elementor-col-100 elementor-top-column elementor-element elementor-element-48edb53a elementor-hidden-tablet elementor-hidden-phone\" data-id=\"48edb53a\" data-element_type=\"column\">\n\t\t\t<div class=\"elementor-widget-wrap elementor-element-populated\">\n\t\t\t\t\t\t\t\t<div class=\"elementor-element elementor-element-6952d26 elementor-widget elementor-widget-spacer\" data-id=\"6952d26\" data-element_type=\"widget\" data-widget_type=\"spacer.default\">\n\t\t\t\t<div class=\"elementor-widget-container\">\n\t\t\t\t\t<div class=\"elementor-spacer\">\n\t\t\t<div class=\"elementor-spacer-inner\"><\/div>\n\t\t<\/div>\n\t\t\t\t<\/div>\n\t\t\t\t<\/div>\n\t\t\t\t\t<\/div>\n\t\t<\/div>\n\t\t\t\t\t\t\t<\/div>\n\t\t<\/section>\n\t\t\t\t<section class=\"elementor-section elementor-top-section elementor-element elementor-element-45635ef4 elementor-section-content-middle elementor-section-boxed elementor-section-height-default elementor-section-height-default\" data-id=\"45635ef4\" data-element_type=\"section\" data-settings=\"{&quot;background_background&quot;:&quot;gradient&quot;}\">\n\t\t\t\t\t\t<div class=\"elementor-container elementor-column-gap-no\">\n\t\t\t\t\t<div class=\"elementor-column elementor-col-100 elementor-top-column elementor-element elementor-element-17d8e6b1\" data-id=\"17d8e6b1\" data-element_type=\"column\">\n\t\t\t<div class=\"elementor-widget-wrap elementor-element-populated\">\n\t\t\t\t\t\t\t\t<section class=\"elementor-section elementor-inner-section elementor-element elementor-element-5635abcd elementor-section-content-middle elementor-section-boxed elementor-section-height-default elementor-section-height-default\" data-id=\"5635abcd\" data-element_type=\"section\">\n\t\t\t\t\t\t<div class=\"elementor-container elementor-column-gap-no\">\n\t\t\t\t\t<div class=\"elementor-column elementor-col-50 elementor-inner-column elementor-element elementor-element-7d5d590\" data-id=\"7d5d590\" data-element_type=\"column\">\n\t\t\t<div class=\"elementor-widget-wrap elementor-element-populated\">\n\t\t\t\t\t\t\t\t<div class=\"elementor-element elementor-element-3695ef37 elementor-widget elementor-widget-image\" data-id=\"3695ef37\" data-element_type=\"widget\" data-widget_type=\"image.default\">\n\t\t\t\t<div class=\"elementor-widget-container\">\n\t\t\t\t\t\t\t\t\t\t\t\t\t\t\t<img loading=\"lazy\" decoding=\"async\" width=\"1000\" height=\"750\" src=\"https:\/\/es.kaiqimetal.com\/wp-content\/uploads\/2024\/07\/Lamina-de-aluminio-4.jpg\" class=\"attachment-full size-full\" alt=\"\" srcset=\"https:\/\/es.kaiqimetal.com\/wp-content\/uploads\/2024\/07\/Lamina-de-aluminio-4.jpg 1000w, https:\/\/es.kaiqimetal.com\/wp-content\/uploads\/2024\/07\/Lamina-de-aluminio-4-300x225.jpg 300w, https:\/\/es.kaiqimetal.com\/wp-content\/uploads\/2024\/07\/Lamina-de-aluminio-4-768x576.jpg 768w\" sizes=\"auto, (max-width: 1000px) 100vw, 1000px\" \/>\t\t\t\t\t\t\t\t\t\t\t\t\t\t\t<\/div>\n\t\t\t\t<\/div>\n\t\t\t\t\t<\/div>\n\t\t<\/div>\n\t\t\t\t<div class=\"elementor-column elementor-col-50 elementor-inner-column elementor-element elementor-element-6a32df4\" data-id=\"6a32df4\" data-element_type=\"column\">\n\t\t\t<div class=\"elementor-widget-wrap elementor-element-populated\">\n\t\t\t\t\t\t\t\t<div class=\"elementor-element elementor-element-6a39b0af elementor-widget elementor-widget-heading\" data-id=\"6a39b0af\" data-element_type=\"widget\" data-widget_type=\"heading.default\">\n\t\t\t\t<div class=\"elementor-widget-container\">\n\t\t\t<h6 class=\"elementor-heading-title elementor-size-default\">La l\u00e1mina de aluminio puede ser en bobina y chapa<\/h6>\t\t<\/div>\n\t\t\t\t<\/div>\n\t\t\t\t<div class=\"elementor-element elementor-element-12b72aa4 elementor-widget elementor-widget-heading\" data-id=\"12b72aa4\" data-element_type=\"widget\" data-widget_type=\"heading.default\">\n\t\t\t\t<div class=\"elementor-widget-container\">\n\t\t\t<h2 class=\"elementor-heading-title elementor-size-default\">Bobina de aluminio<\/h2>\t\t<\/div>\n\t\t\t\t<\/div>\n\t\t\t\t<div class=\"elementor-element elementor-element-2e30ca18 elementor-widget-divider--view-line elementor-widget elementor-widget-divider\" data-id=\"2e30ca18\" data-element_type=\"widget\" data-widget_type=\"divider.default\">\n\t\t\t\t<div class=\"elementor-widget-container\">\n\t\t\t\t\t<div class=\"elementor-divider\">\n\t\t\t<span class=\"elementor-divider-separator\">\n\t\t\t\t\t\t<\/span>\n\t\t<\/div>\n\t\t\t\t<\/div>\n\t\t\t\t<\/div>\n\t\t\t\t<div class=\"elementor-element elementor-element-41e28180 elementor-widget elementor-widget-text-editor\" data-id=\"41e28180\" data-element_type=\"widget\" data-widget_type=\"text-editor.default\">\n\t\t\t\t<div class=\"elementor-widget-container\">\n\t\t\t\t\t\t\t<p>La bobina de aluminio es un producto enrollado, producido en forma enrollada de una tira continua y que tiene un di\u00e1metro interior y un di\u00e1metro exterior. ID de 50mm a 1000mm. Grado de aleaci\u00f3n de aluminio que incluye 1xxx, 2xxx, 3xxx, 4xxx, 5xxx, 6xxx, 7xxx, 8xxx. Pero el m\u00e1s com\u00fan es 1050, 3003, 6061 y 5251 bobina de aluminio. Espesor de 0.045-80 mm, ancho de 60-2650 mm. Los anchos comunes de la bobina de aluminio son 800mm, 1000mm, 1250mm, 1450mm y 1500mm.<\/p>\t\t\t\t\t\t<\/div>\n\t\t\t\t<\/div>\n\t\t\t\t<div class=\"elementor-element elementor-element-78ac5d63 elementor-align-left elementor-icon-list--layout-traditional elementor-list-item-link-full_width elementor-widget elementor-widget-icon-list\" data-id=\"78ac5d63\" data-element_type=\"widget\" data-widget_type=\"icon-list.default\">\n\t\t\t\t<div class=\"elementor-widget-container\">\n\t\t\t\t\t<ul class=\"elementor-icon-list-items\">\n\t\t\t\t\t\t\t<li class=\"elementor-icon-list-item\">\n\t\t\t\t\t\t\t\t\t\t\t<span class=\"elementor-icon-list-icon\">\n\t\t\t\t\t\t\t<i aria-hidden=\"true\" class=\"fas fa-caret-right\"><\/i>\t\t\t\t\t\t<\/span>\n\t\t\t\t\t\t\t\t\t\t<span class=\"elementor-icon-list-text\">Aleaci\u00f3n:  1100 1050 1060 3003 3105 5052 5754 5083 6061 8011 <\/span>\n\t\t\t\t\t\t\t\t\t<\/li>\n\t\t\t\t\t\t\t\t<li class=\"elementor-icon-list-item\">\n\t\t\t\t\t\t\t\t\t\t\t<span class=\"elementor-icon-list-icon\">\n\t\t\t\t\t\t\t<i aria-hidden=\"true\" class=\"fas fa-caret-right\"><\/i>\t\t\t\t\t\t<\/span>\n\t\t\t\t\t\t\t\t\t\t<span class=\"elementor-icon-list-text\">Temple: O H111 H112 H116 H32 H321 H34 H36 T4 T6 F etc<\/span>\n\t\t\t\t\t\t\t\t\t<\/li>\n\t\t\t\t\t\t\t\t<li class=\"elementor-icon-list-item\">\n\t\t\t\t\t\t\t\t\t\t\t<span class=\"elementor-icon-list-icon\">\n\t\t\t\t\t\t\t<i aria-hidden=\"true\" class=\"fas fa-caret-right\"><\/i>\t\t\t\t\t\t<\/span>\n\t\t\t\t\t\t\t\t\t\t<span class=\"elementor-icon-list-text\">Espesor de 0.045-80 mm, ancho de 60-2650 mm<\/span>\n\t\t\t\t\t\t\t\t\t<\/li>\n\t\t\t\t\t\t<\/ul>\n\t\t\t\t<\/div>\n\t\t\t\t<\/div>\n\t\t\t\t\t<\/div>\n\t\t<\/div>\n\t\t\t\t\t\t\t<\/div>\n\t\t<\/section>\n\t\t\t\t\t<\/div>\n\t\t<\/div>\n\t\t\t\t\t\t\t<\/div>\n\t\t<\/section>\n\t\t\t\t<section class=\"elementor-section elementor-top-section elementor-element elementor-element-4c8e920 elementor-section-boxed elementor-section-height-default elementor-section-height-default\" data-id=\"4c8e920\" data-element_type=\"section\">\n\t\t\t\t\t\t<div class=\"elementor-container elementor-column-gap-default\">\n\t\t\t\t\t<div class=\"elementor-column elementor-col-100 elementor-top-column elementor-element elementor-element-587ea22\" data-id=\"587ea22\" data-element_type=\"column\">\n\t\t\t<div class=\"elementor-widget-wrap elementor-element-populated\">\n\t\t\t\t\t\t\t\t<div class=\"elementor-element elementor-element-fbccf12 elementor-widget elementor-widget-text-editor\" data-id=\"fbccf12\" data-element_type=\"widget\" data-widget_type=\"text-editor.default\">\n\t\t\t\t<div class=\"elementor-widget-container\">\n\t\t\t\t\t\t\t<table width=\"576\"><tbody><tr><td width=\"25\"><p>Serie Alloy<\/p><\/td><td width=\"95\"><p>Aleaci\u00f3n t\u00edpica<\/p><\/td><td width=\"456\"><p>Introducci\u00f3n<\/p><\/td><\/tr><tr><td width=\"25\"><p>Serie 1000<\/p><\/td><td width=\"95\"><p>1050 1060 1070 1100<\/p><\/td><td width=\"456\"><p>Aluminio puro industrial. En todas las series, la serie 1000 pertenece a la serie con el mayor contenido de aluminio. La pureza puede alcanzar m\u00e1s del 99,00%.<\/p><\/td><\/tr><tr><td width=\"25\"><p>Serie 2000<\/p><\/td><td width=\"95\"><p>2024(2A12), LY12, LY11, 2A11, 2A14(LD10), 2017, 2A17<\/p><\/td><td width=\"456\"><p>Aleaciones de aluminio-cobre.\u00a0La serie 2000 se caracteriza por una alta dureza, en la que el contenido de cobre es el m\u00e1s alto, alrededor del 3-5%.<\/p><\/td><\/tr><tr><td width=\"25\"><p>Serie 3000<\/p><\/td><td width=\"95\"><p>3A21, 3003, 3103, 3004, 3005, 3105<\/p><\/td><td width=\"456\"><p>Aleaciones de aluminio-manganeso.\u00a0La l\u00e1mina de aluminio de la serie 3000 se compone principalmente de manganeso. El contenido de manganeso oscila entre el 1,0% y el 1,5%. Es una serie con una mejor funci\u00f3n a prueba de \u00f3xido.<\/p><\/td><\/tr><tr><td width=\"25\"><p>Serie 4000<\/p><\/td><td width=\"95\"><p>4A03, 4A11, 4A13, 4A17, 4004, 4032, 4043, 4043A, 4047, 4047A<\/p><\/td><td width=\"456\"><p>Aleaciones al-Si.\u00a0Por lo general, el contenido de silicio est\u00e1 entre 4.5 y 6.0%. Pertenece a materiales de construcci\u00f3n, piezas mec\u00e1nicas, materiales de forsi\u00f3n, materiales de soldadura, bajo punto de fusi\u00f3n, buena resistencia a la corrosi\u00f3n.<\/p><\/td><\/tr><tr><td width=\"25\"><p>Serie 5000<\/p><\/td><td width=\"95\"><p>5052, 5083, 5754, 5005, 5086,5182<\/p><\/td><td width=\"456\"><p>Aleaciones de Al-Mg.\u00a0La aleaci\u00f3n de aluminio de la serie 5000 pertenece a la serie de aluminio de aleaci\u00f3n m\u00e1s utilizada, el elemento principal es el magnesio, el contenido de magnesio est\u00e1 entre el 3-5%. Las caracter\u00edsticas principales son baja densidad, alta resistencia a la tracci\u00f3n y alta elongaci\u00f3n.<\/p><\/td><\/tr><tr><td width=\"25\"><p>Serie 6000<\/p><\/td><td width=\"95\"><p>6063, 6061, 6060, 6351, 6070, 6181, 6082, 6A02<\/p><\/td><td width=\"456\"><p>Aleaciones de aluminio y silicio y magnesio.\u00a0El representativo 6061 contiene principalmente magnesio y silicio, por lo que concentra las ventajas de las series 4000 y 5000. 6061 es un producto de forsi\u00f3n de aluminio tratado en fr\u00edo, que es adecuado para aplicaciones que requieren una alta resistencia a la corrosi\u00f3n y resistencia a la oxidaci\u00f3n.<\/p><\/td><\/tr><tr><td width=\"25\"><p>Serie 7000<\/p><\/td><td width=\"95\"><p>7075, 7A04, 7A09, 7A52, 7A05<\/p><\/td><td width=\"456\"><p>Aleaciones de aluminio, zinc, magnesio y cobre.\u00a0El representante 7075 contiene principalmente zinc. Es una aleaci\u00f3n tratable t\u00e9rmicamente, pertenece a la aleaci\u00f3n de aluminio s\u00faper dura y tiene una buena resistencia al desgaste. La placa de aluminio 7075 alivia la tensi\u00f3n y no se deforma ni se deforma despu\u00e9s del procesamiento.<\/p><\/td><\/tr><\/tbody><\/table>\t\t\t\t\t\t<\/div>\n\t\t\t\t<\/div>\n\t\t\t\t\t<\/div>\n\t\t<\/div>\n\t\t\t\t\t\t\t<\/div>\n\t\t<\/section>\n\t\t\t\t<section class=\"elementor-section elementor-top-section elementor-element elementor-element-3dad5cd elementor-section-boxed elementor-section-height-default elementor-section-height-default\" data-id=\"3dad5cd\" data-element_type=\"section\">\n\t\t\t\t\t\t<div class=\"elementor-container elementor-column-gap-default\">\n\t\t\t\t\t<div class=\"elementor-column elementor-col-33 elementor-top-column elementor-element elementor-element-b588707\" data-id=\"b588707\" data-element_type=\"column\">\n\t\t\t<div class=\"elementor-widget-wrap elementor-element-populated\">\n\t\t\t\t\t\t\t\t<div class=\"elementor-element elementor-element-d1f5c9b elementor-widget elementor-widget-image\" data-id=\"d1f5c9b\" data-element_type=\"widget\" data-widget_type=\"image.default\">\n\t\t\t\t<div class=\"elementor-widget-container\">\n\t\t\t\t\t\t\t\t\t\t\t\t\t\t\t<img loading=\"lazy\" decoding=\"async\" width=\"800\" height=\"582\" src=\"https:\/\/es.kaiqimetal.com\/wp-content\/uploads\/2024\/07\/Lamina-de-aluminio-3-1.jpg\" class=\"attachment-large size-large\" alt=\"\" srcset=\"https:\/\/es.kaiqimetal.com\/wp-content\/uploads\/2024\/07\/Lamina-de-aluminio-3-1.jpg 800w, https:\/\/es.kaiqimetal.com\/wp-content\/uploads\/2024\/07\/Lamina-de-aluminio-3-1-300x218.jpg 300w, https:\/\/es.kaiqimetal.com\/wp-content\/uploads\/2024\/07\/Lamina-de-aluminio-3-1-768x559.jpg 768w\" sizes=\"auto, (max-width: 800px) 100vw, 800px\" \/>\t\t\t\t\t\t\t\t\t\t\t\t\t\t\t<\/div>\n\t\t\t\t<\/div>\n\t\t\t\t\t<\/div>\n\t\t<\/div>\n\t\t\t\t<div class=\"elementor-column elementor-col-33 elementor-top-column elementor-element elementor-element-4abba33\" data-id=\"4abba33\" data-element_type=\"column\">\n\t\t\t<div class=\"elementor-widget-wrap elementor-element-populated\">\n\t\t\t\t\t\t\t\t<div class=\"elementor-element elementor-element-bb7fb6a elementor-widget elementor-widget-image\" data-id=\"bb7fb6a\" data-element_type=\"widget\" data-widget_type=\"image.default\">\n\t\t\t\t<div class=\"elementor-widget-container\">\n\t\t\t\t\t\t\t\t\t\t\t\t\t\t\t<img loading=\"lazy\" decoding=\"async\" width=\"600\" height=\"450\" src=\"https:\/\/es.kaiqimetal.com\/wp-content\/uploads\/2024\/07\/Lamina-de-aluminio-2.jpg\" class=\"attachment-large size-large\" alt=\"\" srcset=\"https:\/\/es.kaiqimetal.com\/wp-content\/uploads\/2024\/07\/Lamina-de-aluminio-2.jpg 600w, https:\/\/es.kaiqimetal.com\/wp-content\/uploads\/2024\/07\/Lamina-de-aluminio-2-300x225.jpg 300w\" sizes=\"auto, (max-width: 600px) 100vw, 600px\" \/>\t\t\t\t\t\t\t\t\t\t\t\t\t\t\t<\/div>\n\t\t\t\t<\/div>\n\t\t\t\t\t<\/div>\n\t\t<\/div>\n\t\t\t\t<div class=\"elementor-column elementor-col-33 elementor-top-column elementor-element elementor-element-d7246cb\" data-id=\"d7246cb\" data-element_type=\"column\">\n\t\t\t<div class=\"elementor-widget-wrap elementor-element-populated\">\n\t\t\t\t\t\t\t\t<div class=\"elementor-element elementor-element-3d18cd6 elementor-widget elementor-widget-image\" data-id=\"3d18cd6\" data-element_type=\"widget\" data-widget_type=\"image.default\">\n\t\t\t\t<div class=\"elementor-widget-container\">\n\t\t\t\t\t\t\t\t\t\t\t\t\t\t\t<img loading=\"lazy\" decoding=\"async\" width=\"700\" height=\"566\" src=\"https:\/\/es.kaiqimetal.com\/wp-content\/uploads\/2024\/07\/Rollo-de-aluminio.jpeg\" class=\"attachment-large size-large\" alt=\"\" srcset=\"https:\/\/es.kaiqimetal.com\/wp-content\/uploads\/2024\/07\/Rollo-de-aluminio.jpeg 700w, https:\/\/es.kaiqimetal.com\/wp-content\/uploads\/2024\/07\/Rollo-de-aluminio-300x243.jpeg 300w\" sizes=\"auto, (max-width: 700px) 100vw, 700px\" \/>\t\t\t\t\t\t\t\t\t\t\t\t\t\t\t<\/div>\n\t\t\t\t<\/div>\n\t\t\t\t\t<\/div>\n\t\t<\/div>\n\t\t\t\t\t\t\t<\/div>\n\t\t<\/section>\n\t\t\t\t<section class=\"elementor-section elementor-top-section elementor-element elementor-element-65fdbe49 elementor-section-content-middle elementor-section-boxed elementor-section-height-default elementor-section-height-default\" data-id=\"65fdbe49\" data-element_type=\"section\" data-settings=\"{&quot;background_background&quot;:&quot;classic&quot;}\">\n\t\t\t\t\t\t<div class=\"elementor-container elementor-column-gap-no\">\n\t\t\t\t\t<div class=\"elementor-column elementor-col-100 elementor-top-column elementor-element elementor-element-7151cf4\" data-id=\"7151cf4\" data-element_type=\"column\">\n\t\t\t<div class=\"elementor-widget-wrap elementor-element-populated\">\n\t\t\t\t\t\t\t\t<section class=\"elementor-section elementor-inner-section elementor-element elementor-element-404cbd8a elementor-section-content-middle elementor-section-boxed elementor-section-height-default elementor-section-height-default\" data-id=\"404cbd8a\" data-element_type=\"section\">\n\t\t\t\t\t\t<div class=\"elementor-container elementor-column-gap-no\">\n\t\t\t\t\t<div class=\"elementor-column elementor-col-50 elementor-inner-column elementor-element elementor-element-5cbb2ed2\" data-id=\"5cbb2ed2\" data-element_type=\"column\">\n\t\t\t<div class=\"elementor-widget-wrap elementor-element-populated\">\n\t\t\t\t\t\t\t\t<div class=\"elementor-element elementor-element-76cf1966 elementor-widget elementor-widget-heading\" data-id=\"76cf1966\" data-element_type=\"widget\" data-widget_type=\"heading.default\">\n\t\t\t\t<div class=\"elementor-widget-container\">\n\t\t\t<h6 class=\"elementor-heading-title elementor-size-default\">Las<\/h6>\t\t<\/div>\n\t\t\t\t<\/div>\n\t\t\t\t<div class=\"elementor-element elementor-element-2b283f07 elementor-widget elementor-widget-heading\" data-id=\"2b283f07\" data-element_type=\"widget\" data-widget_type=\"heading.default\">\n\t\t\t\t<div class=\"elementor-widget-container\">\n\t\t\t<h2 class=\"elementor-heading-title elementor-size-default\">Aplicaciones<\/h2>\t\t<\/div>\n\t\t\t\t<\/div>\n\t\t\t\t<div class=\"elementor-element elementor-element-4a19999f elementor-widget-divider--view-line elementor-widget elementor-widget-divider\" data-id=\"4a19999f\" data-element_type=\"widget\" data-widget_type=\"divider.default\">\n\t\t\t\t<div class=\"elementor-widget-container\">\n\t\t\t\t\t<div class=\"elementor-divider\">\n\t\t\t<span class=\"elementor-divider-separator\">\n\t\t\t\t\t\t<\/span>\n\t\t<\/div>\n\t\t\t\t<\/div>\n\t\t\t\t<\/div>\n\t\t\t\t<div class=\"elementor-element elementor-element-5fa5bc9e elementor-widget elementor-widget-text-editor\" data-id=\"5fa5bc9e\" data-element_type=\"widget\" data-widget_type=\"text-editor.default\">\n\t\t\t\t<div class=\"elementor-widget-container\">\n\t\t\t\t\t\t\t<p>La bobina de aluminio se puede utilizar para una amplia gama de aplicaciones, desde carrocer\u00edas de camiones en la industria del transporte hasta bobinas de aluminio revestidas para transferencia de calor y material de aislamiento para la industria de la construcci\u00f3n.<\/p>\t\t\t\t\t\t<\/div>\n\t\t\t\t<\/div>\n\t\t\t\t<div class=\"elementor-element elementor-element-4525def elementor-align-left elementor-icon-list--layout-traditional elementor-list-item-link-full_width elementor-widget elementor-widget-icon-list\" data-id=\"4525def\" data-element_type=\"widget\" data-widget_type=\"icon-list.default\">\n\t\t\t\t<div class=\"elementor-widget-container\">\n\t\t\t\t\t<ul class=\"elementor-icon-list-items\">\n\t\t\t\t\t\t\t<li class=\"elementor-icon-list-item\">\n\t\t\t\t\t\t\t\t\t\t\t<span class=\"elementor-icon-list-icon\">\n\t\t\t\t\t\t\t<i aria-hidden=\"true\" class=\"fas fa-caret-right\"><\/i>\t\t\t\t\t\t<\/span>\n\t\t\t\t\t\t\t\t\t\t<span class=\"elementor-icon-list-text\">M\u00e1s utensilios de fabricaci\u00f3n.<\/span>\n\t\t\t\t\t\t\t\t\t<\/li>\n\t\t\t\t\t\t\t\t<li class=\"elementor-icon-list-item\">\n\t\t\t\t\t\t\t\t\t\t\t<span class=\"elementor-icon-list-icon\">\n\t\t\t\t\t\t\t<i aria-hidden=\"true\" class=\"fas fa-caret-right\"><\/i>\t\t\t\t\t\t<\/span>\n\t\t\t\t\t\t\t\t\t\t<span class=\"elementor-icon-list-text\">Aplicaci\u00f3n de autom\u00f3vil.<\/span>\n\t\t\t\t\t\t\t\t\t<\/li>\n\t\t\t\t\t\t\t\t<li class=\"elementor-icon-list-item\">\n\t\t\t\t\t\t\t\t\t\t\t<span class=\"elementor-icon-list-icon\">\n\t\t\t\t\t\t\t<i aria-hidden=\"true\" class=\"fas fa-caret-right\"><\/i>\t\t\t\t\t\t<\/span>\n\t\t\t\t\t\t\t\t\t\t<span class=\"elementor-icon-list-text\">Transferencia de calor<\/span>\n\t\t\t\t\t\t\t\t\t<\/li>\n\t\t\t\t\t\t\t\t<li class=\"elementor-icon-list-item\">\n\t\t\t\t\t\t\t\t\t\t\t<span class=\"elementor-icon-list-icon\">\n\t\t\t\t\t\t\t<i aria-hidden=\"true\" class=\"fas fa-caret-right\"><\/i>\t\t\t\t\t\t<\/span>\n\t\t\t\t\t\t\t\t\t\t<span class=\"elementor-icon-list-text\">Decorado por dentro y por fuera del coche.<\/span>\n\t\t\t\t\t\t\t\t\t<\/li>\n\t\t\t\t\t\t\t\t<li class=\"elementor-icon-list-item\">\n\t\t\t\t\t\t\t\t\t\t\t<span class=\"elementor-icon-list-icon\">\n\t\t\t\t\t\t\t<i aria-hidden=\"true\" class=\"fas fa-caret-right\"><\/i>\t\t\t\t\t\t<\/span>\n\t\t\t\t\t\t\t\t\t\t<span class=\"elementor-icon-list-text\">R\u00f3tulos, placas de identificaci\u00f3n, confecci\u00f3n de bolsas.<\/span>\n\t\t\t\t\t\t\t\t\t<\/li>\n\t\t\t\t\t\t<\/ul>\n\t\t\t\t<\/div>\n\t\t\t\t<\/div>\n\t\t\t\t\t<\/div>\n\t\t<\/div>\n\t\t\t\t<div class=\"elementor-column elementor-col-50 elementor-inner-column elementor-element elementor-element-34a56e78\" data-id=\"34a56e78\" data-element_type=\"column\">\n\t\t\t<div class=\"elementor-widget-wrap elementor-element-populated\">\n\t\t\t\t\t\t\t\t<div class=\"elementor-element elementor-element-441016d8 elementor-widget elementor-widget-image\" data-id=\"441016d8\" data-element_type=\"widget\" data-widget_type=\"image.default\">\n\t\t\t\t<div class=\"elementor-widget-container\">\n\t\t\t\t\t\t\t\t\t\t\t\t\t\t\t<img loading=\"lazy\" decoding=\"async\" width=\"1000\" height=\"1000\" src=\"https:\/\/es.kaiqimetal.com\/wp-content\/uploads\/2024\/07\/Lamina-de-aluminio.jpg\" class=\"attachment-full size-full\" alt=\"\" srcset=\"https:\/\/es.kaiqimetal.com\/wp-content\/uploads\/2024\/07\/Lamina-de-aluminio.jpg 1000w, https:\/\/es.kaiqimetal.com\/wp-content\/uploads\/2024\/07\/Lamina-de-aluminio-300x300.jpg 300w, https:\/\/es.kaiqimetal.com\/wp-content\/uploads\/2024\/07\/Lamina-de-aluminio-150x150.jpg 150w, https:\/\/es.kaiqimetal.com\/wp-content\/uploads\/2024\/07\/Lamina-de-aluminio-768x768.jpg 768w\" sizes=\"auto, (max-width: 1000px) 100vw, 1000px\" \/>\t\t\t\t\t\t\t\t\t\t\t\t\t\t\t<\/div>\n\t\t\t\t<\/div>\n\t\t\t\t\t<\/div>\n\t\t<\/div>\n\t\t\t\t\t\t\t<\/div>\n\t\t<\/section>\n\t\t\t\t\t<\/div>\n\t\t<\/div>\n\t\t\t\t\t\t\t<\/div>\n\t\t<\/section>\n\t\t\t\t<section class=\"elementor-section elementor-top-section elementor-element elementor-element-17ead66 elementor-section-boxed elementor-section-height-default elementor-section-height-default\" data-id=\"17ead66\" data-element_type=\"section\">\n\t\t\t\t\t\t<div class=\"elementor-container elementor-column-gap-default\">\n\t\t\t\t\t\t\t\t<\/div>\n\t\t<\/section>\n\t\t\t\t\t\t\t<\/div>\n\t\t","protected":false},"excerpt":{"rendered":"<p>La l\u00e1mina de aluminio puede ser en bobina y chapa Bobin &hellip;<\/p>\n<p class=\"read-more\"> <a class=\"\" href=\"https:\/\/es.kaiqimetal.com\/?page_id=74\"> <span class=\"screen-reader-text\">Bobina de aluminio<\/span> \u67e5\u770b\u5168\u6587 &raquo;<\/a><\/p>\n","protected":false},"author":1,"featured_media":0,"parent":0,"menu_order":0,"comment_status":"closed","ping_status":"closed","template":"","meta":{"footnotes":""},"class_list":["post-74","page","type-page","status-publish","hentry"],"uagb_featured_image_src":{"full":false,"thumbnail":false,"medium":false,"medium_large":false,"large":false,"1536x1536":false,"2048x2048":false},"uagb_author_info":{"display_name":"Aluminio","author_link":"https:\/\/es.kaiqimetal.com\/?author=1"},"uagb_comment_info":0,"uagb_excerpt":"La l\u00e1mina de aluminio puede ser en bobina y chapa Bobin&hellip;","_links":{"self":[{"href":"https:\/\/es.kaiqimetal.com\/index.php?rest_route=\/wp\/v2\/pages\/74","targetHints":{"allow":["GET"]}}],"collection":[{"href":"https:\/\/es.kaiqimetal.com\/index.php?rest_route=\/wp\/v2\/pages"}],"about":[{"href":"https:\/\/es.kaiqimetal.com\/index.php?rest_route=\/wp\/v2\/types\/page"}],"author":[{"embeddable":true,"href":"https:\/\/es.kaiqimetal.com\/index.php?rest_route=\/wp\/v2\/users\/1"}],"replies":[{"embeddable":true,"href":"https:\/\/es.kaiqimetal.com\/index.php?rest_route=%2Fwp%2Fv2%2Fcomments&post=74"}],"version-history":[{"count":76,"href":"https:\/\/es.kaiqimetal.com\/index.php?rest_route=\/wp\/v2\/pages\/74\/revisions"}],"predecessor-version":[{"id":2932,"href":"https:\/\/es.kaiqimetal.com\/index.php?rest_route=\/wp\/v2\/pages\/74\/revisions\/2932"}],"wp:attachment":[{"href":"https:\/\/es.kaiqimetal.com\/index.php?rest_route=%2Fwp%2Fv2%2Fmedia&parent=74"}],"curies":[{"name":"wp","href":"https:\/\/api.w.org\/{rel}","templated":true}]}}